{"id":2465,"date":"2016-07-04T13:31:49","date_gmt":"2016-07-04T11:31:49","guid":{"rendered":"http:\/\/blog.nebule.org\/?page_id=2465"},"modified":"2016-11-27T19:32:05","modified_gmt":"2016-11-27T17:32:05","slug":"option","status":"publish","type":"page","link":"http:\/\/blog.nebule.org\/?page_id=2465","title":{"rendered":"option"},"content":{"rendered":"<h1>Application <em>option<\/em><\/h1>\n<p style=\"text-align: justify;\">Cette application permet de voir et de modifier les variables de fonctionnement du <a title=\"bootstrap\" href=\"http:\/\/blog.nebule.org\/?page_id=2462\">bootstrap<\/a> et de la librairie <em>nebule<\/em>.<\/p>\n<p style=\"text-align: justify;\">Cette application fait partie de la liste blanche des applications, elle ne peut \u00eatre d\u00e9sactiv\u00e9e.<\/p>\n<p style=\"text-align: justify;\">Un exemple se trouve \u00e0 l&rsquo;adresse de l&rsquo;instance serveur de <a title=\"bachue\" href=\"http:\/\/bachue.nebule.org\/\" target=\"_blank\">bachue<\/a> :<br \/>\n<a title=\"option\" href=\"http:\/\/bachue.nebule.org\/?a=2121510000000000006e6562756c65206170706c69636174696f6e73000000000000212151\" target=\"_blank\"> bachue.nebule.org 2121510000000000006e6562756c65206170706c69636174696f6e73000000000000212151<\/a><\/p>\n<h2 style=\"text-align: justify;\">Les cat\u00e9gories<\/h2>\n<p style=\"text-align: justify;\">Il y a quatre cat\u00e9gories de variables modifiables :<\/p>\n<ol>\n<li style=\"text-align: justify;\">Les options de configuration.<\/li>\n<li style=\"text-align: justify;\">Les applications.<\/li>\n<li style=\"text-align: justify;\">Les entit\u00e9s de recouvrement.<\/li>\n<li style=\"text-align: justify;\">Les entit\u00e9s autorit\u00e9s.<\/li>\n<\/ol>\n<p style=\"text-align: justify;\">Pour modifier des variables, il faut pr\u00e9alablement d\u00e9verrouiller l&rsquo;entit\u00e9 instance du serveur.<\/p>\n<h2 style=\"text-align: justify;\">Les vues<\/h2>\n<p style=\"text-align: justify;\">Les diff\u00e9rentes cat\u00e9gories de variables sont s\u00e9par\u00e9es dans des vues d\u00e9di\u00e9es.<\/p>\n<h3 style=\"text-align: justify;\">Menu<\/h3>\n<p style=\"text-align: justify;\">Lorsque l&rsquo;on arrive sur l&rsquo;application au d\u00e9but, on a un menu pour choisir la vue :<\/p>\n<p style=\"text-align: center;\"><a href=\"\/wp-content\/uploads\/nebule\/2016\/07\/020160723-menu-option_-_2016-07-23_23.08.44.png\"><img decoding=\"async\" loading=\"lazy\" class=\"alignnone size-medium wp-image-2513 aligncenter\" src=\"\/wp-content\/uploads\/nebule\/2016\/07\/020160723-menu-option_-_2016-07-23_23.08.44-600x387.png\" alt=\"020160723 menu option_-_2016-07-23_23.08.44\" width=\"600\" height=\"387\" srcset=\"\/wp-content\/uploads\/nebule\/2016\/07\/020160723-menu-option_-_2016-07-23_23.08.44-600x387.png 600w, \/wp-content\/uploads\/nebule\/2016\/07\/020160723-menu-option_-_2016-07-23_23.08.44-1024x661.png 1024w, \/wp-content\/uploads\/nebule\/2016\/07\/020160723-menu-option_-_2016-07-23_23.08.44.png 1036w\" sizes=\"(max-width: 600px) 100vw, 600px\" \/>Vue du menu.<\/a><\/p>\n<h3 style=\"text-align: justify;\">Options<\/h3>\n<p style=\"text-align: justify;\">La vue des options permet de consulter toutes les options qui contr\u00f4lent le comportement du <em>bootstrap<\/em> et de la librairie <em>nebule<\/em> :<\/p>\n<p style=\"text-align: center;\"><a href=\"\/wp-content\/uploads\/nebule\/2016\/07\/020160723-options-option_-_2016-07-23_23.09.02.png\"><img decoding=\"async\" loading=\"lazy\" class=\"alignnone size-medium wp-image-2514\" src=\"\/wp-content\/uploads\/nebule\/2016\/07\/020160723-options-option_-_2016-07-23_23.09.02-600x394.png\" alt=\"020160723 options option_-_2016-07-23_23.09.02\" width=\"600\" height=\"394\" srcset=\"\/wp-content\/uploads\/nebule\/2016\/07\/020160723-options-option_-_2016-07-23_23.09.02-600x394.png 600w, \/wp-content\/uploads\/nebule\/2016\/07\/020160723-options-option_-_2016-07-23_23.09.02.png 1020w\" sizes=\"(max-width: 600px) 100vw, 600px\" \/><br \/>\nVue des options.<\/a><\/p>\n<h3 style=\"text-align: justify;\">Applications<\/h3>\n<p style=\"text-align: justify;\">La vue des applications permet de voir toutes les applications disponibles et de les activer ou d\u00e9sactiver pour les utilisateurs :<\/p>\n<p style=\"text-align: center;\"><a href=\"\/wp-content\/uploads\/nebule\/2016\/07\/020160723-applications-option_-_2016-07-23_23.09.31.png\"><img decoding=\"async\" loading=\"lazy\" class=\"alignnone size-medium wp-image-2515\" src=\"\/wp-content\/uploads\/nebule\/2016\/07\/020160723-applications-option_-_2016-07-23_23.09.31-600x394.png\" alt=\"020160723 applications option_-_2016-07-23_23.09.31\" width=\"600\" height=\"394\" srcset=\"\/wp-content\/uploads\/nebule\/2016\/07\/020160723-applications-option_-_2016-07-23_23.09.31-600x394.png 600w, \/wp-content\/uploads\/nebule\/2016\/07\/020160723-applications-option_-_2016-07-23_23.09.31.png 1020w\" sizes=\"(max-width: 600px) 100vw, 600px\" \/><br \/>\nVue des applications.<\/a><\/p>\n<h3 style=\"text-align: justify;\">Entit\u00e9s de recouvrement<\/h3>\n<p style=\"text-align: justify;\">Cette vue permet de voir et d&rsquo;ajouter ou de supprimer des entit\u00e9s de recouvrement :<\/p>\n<p style=\"text-align: center;\"><a href=\"\/wp-content\/uploads\/nebule\/2016\/07\/020160723-recovery-option_-_2016-07-23_23.09.55.png\"><img decoding=\"async\" loading=\"lazy\" class=\"alignnone size-medium wp-image-2516\" src=\"\/wp-content\/uploads\/nebule\/2016\/07\/020160723-recovery-option_-_2016-07-23_23.09.55-600x387.png\" alt=\"020160723 recovery option_-_2016-07-23_23.09.55\" width=\"600\" height=\"387\" srcset=\"\/wp-content\/uploads\/nebule\/2016\/07\/020160723-recovery-option_-_2016-07-23_23.09.55-600x387.png 600w, \/wp-content\/uploads\/nebule\/2016\/07\/020160723-recovery-option_-_2016-07-23_23.09.55-1024x661.png 1024w, \/wp-content\/uploads\/nebule\/2016\/07\/020160723-recovery-option_-_2016-07-23_23.09.55.png 1036w\" sizes=\"(max-width: 600px) 100vw, 600px\" \/><br \/>\nVue des entit\u00e9s de recouvrement.<\/a><\/p>\n<p style=\"text-align: justify;\">Ce n&rsquo;est pas fonctionnel pour l&rsquo;instant.<\/p>\n<h3 style=\"text-align: justify;\">Entit\u00e9s autorit\u00e9s<\/h3>\n<p style=\"text-align: justify;\">Cette vue permet de voir et d&rsquo;ajouter ou de supprimer des entit\u00e9s comme ayant autorit\u00e9 sur l&rsquo;entit\u00e9 instance du serveur :<\/p>\n<p style=\"text-align: center;\"><a href=\"\/wp-content\/uploads\/nebule\/2016\/07\/020160723-autorities-option_-_2016-07-23_23.10.13.png\"><img decoding=\"async\" loading=\"lazy\" class=\"alignnone size-medium wp-image-2517\" src=\"\/wp-content\/uploads\/nebule\/2016\/07\/020160723-autorities-option_-_2016-07-23_23.10.13-600x387.png\" alt=\"020160723 autorities option_-_2016-07-23_23.10.13\" width=\"600\" height=\"387\" srcset=\"\/wp-content\/uploads\/nebule\/2016\/07\/020160723-autorities-option_-_2016-07-23_23.10.13-600x387.png 600w, \/wp-content\/uploads\/nebule\/2016\/07\/020160723-autorities-option_-_2016-07-23_23.10.13-1024x661.png 1024w, \/wp-content\/uploads\/nebule\/2016\/07\/020160723-autorities-option_-_2016-07-23_23.10.13.png 1036w\" sizes=\"(max-width: 600px) 100vw, 600px\" \/><br \/>\nVue des autorit\u00e9s locales.<\/a><\/p>\n<p style=\"text-align: justify;\">Ce n&rsquo;est pas fonctionnel pour l&rsquo;instant.<\/p>\n<h2 style=\"text-align: justify;\">D\u00e9verrouillage et modifications<\/h2>\n<p style=\"text-align: justify;\">Pour pouvoir modifier des variables, il faut que l&rsquo;entit\u00e9 instance du serveur soit d\u00e9verrouill\u00e9e. Elle peut ainsi en quelque sorte se donner des ordres. Le d\u00e9verrouillage se passe dans le champ mot de passe du bandeau haut. Une fois connect\u00e9, des liser\u00e9s rouge marque la connexion :<\/p>\n<p style=\"text-align: center;\"><a href=\"\/wp-content\/uploads\/nebule\/2016\/07\/020160723-connected-option_-_2016-07-23_23.10.47.png\"><img decoding=\"async\" loading=\"lazy\" class=\"alignnone size-medium wp-image-2518\" src=\"\/wp-content\/uploads\/nebule\/2016\/07\/020160723-connected-option_-_2016-07-23_23.10.47-600x394.png\" alt=\"020160723 connected option_-_2016-07-23_23.10.47\" width=\"600\" height=\"394\" srcset=\"\/wp-content\/uploads\/nebule\/2016\/07\/020160723-connected-option_-_2016-07-23_23.10.47-600x394.png 600w, \/wp-content\/uploads\/nebule\/2016\/07\/020160723-connected-option_-_2016-07-23_23.10.47.png 1020w\" sizes=\"(max-width: 600px) 100vw, 600px\" \/><br \/>\nVue des applications lorsque connect\u00e9.<\/a><\/p>\n<p style=\"text-align: justify;\">.<\/p>\n","protected":false},"excerpt":{"rendered":"<p>Application option Cette application permet de voir et de modifier les variables de fonctionnement du bootstrap et de la librairie nebule. Cette application fait partie de la liste blanche des applications, elle ne peut \u00eatre d\u00e9sactiv\u00e9e. Un exemple se trouve \u00e0 l&rsquo;adresse de l&rsquo;instance serveur de bachue : bachue.nebule.org 2121510000000000006e6562756c65206170706c69636174696f6e73000000000000212151 Les cat\u00e9gories Il y a &hellip; <a href=\"http:\/\/blog.nebule.org\/?page_id=2465\" class=\"more-link\">Continuer la lecture de <span class=\"screen-reader-text\">option<\/span><\/a><\/p>\n","protected":false},"author":2,"featured_media":0,"parent":2460,"menu_order":3,"comment_status":"open","ping_status":"open","template":"","meta":[],"_links":{"self":[{"href":"http:\/\/blog.nebule.org\/index.php?rest_route=\/wp\/v2\/pages\/2465"}],"collection":[{"href":"http:\/\/blog.nebule.org\/index.php?rest_route=\/wp\/v2\/pages"}],"about":[{"href":"http:\/\/blog.nebule.org\/index.php?rest_route=\/wp\/v2\/types\/page"}],"author":[{"embeddable":true,"href":"http:\/\/blog.nebule.org\/index.php?rest_route=\/wp\/v2\/users\/2"}],"replies":[{"embeddable":true,"href":"http:\/\/blog.nebule.org\/index.php?rest_route=%2Fwp%2Fv2%2Fcomments&post=2465"}],"version-history":[{"count":6,"href":"http:\/\/blog.nebule.org\/index.php?rest_route=\/wp\/v2\/pages\/2465\/revisions"}],"predecessor-version":[{"id":2840,"href":"http:\/\/blog.nebule.org\/index.php?rest_route=\/wp\/v2\/pages\/2465\/revisions\/2840"}],"up":[{"embeddable":true,"href":"http:\/\/blog.nebule.org\/index.php?rest_route=\/wp\/v2\/pages\/2460"}],"wp:attachment":[{"href":"http:\/\/blog.nebule.org\/index.php?rest_route=%2Fwp%2Fv2%2Fmedia&parent=2465"}],"curies":[{"name":"wp","href":"https:\/\/api.w.org\/{rel}","templated":true}]}}