{"id":2535,"date":"2016-08-31T16:57:11","date_gmt":"2016-08-31T14:57:11","guid":{"rendered":"http:\/\/blog.nebule.org\/?page_id=2535"},"modified":"2021-02-25T11:30:28","modified_gmt":"2021-02-25T09:30:28","slug":"installation","status":"publish","type":"page","link":"http:\/\/blog.nebule.org\/?page_id=2535","title":{"rendered":"Installation"},"content":{"rendered":"<p style=\"text-align: justify;\">L&rsquo;installation se concentre ici sur la mise en place sur un nouveau serveur du <a title=\"bootstrap\" href=\"http:\/\/blog.nebule.org\/?page_id=2462\" target=\"_blank\" rel=\"noopener\">bootstrap<\/a>. Apr\u00e8s la phase d&rsquo;initialisation du <em>bootstrap<\/em>, les autres applications pourront \u00eatre utilis\u00e9es. Une installation sur un serveur est appel\u00e9e instance de serveur et chaque instance de serveur doit avoir une entit\u00e9 propre.<\/p>\n<p style=\"text-align: justify;\">Les applications \u00e9tant aujourd&rsquo;hui int\u00e9gr\u00e9es avec le <em>bootstrap<\/em>, l&rsquo;installation des applications se r\u00e9duira \u00e0 leur appel et leur activation par d\u00e9faut sur une instance de serveur.<\/p>\n<p style=\"text-align: justify;\">Les tests d&rsquo;installation et d&rsquo;utilisation sont r\u00e9alis\u00e9s sur un nombre r\u00e9duit de syst\u00e8mes d&rsquo;exploitations et de serveurs web.<\/p>\n<p style=\"text-align: justify;\">Les configurations test\u00e9es :<\/p>\n<ul>\n<li style=\"list-style-type: none\">\n<ul>\n<li style=\"text-align: justify;\"><a title=\"Linux Debian 8\" href=\"http:\/\/blog.nebule.org\/?page_id=2546\">Linux Debian 8<\/a> &#8211; Version 020161102<\/li>\n<\/ul>\n<\/li>\n<\/ul>\n<ul>\n<li style=\"list-style-type: none\">\n<ul>\n<li style=\"text-align: justify;\"><a title=\"Linux Debian 9\" href=\"http:\/\/blog.nebule.org\/?page_id=2780\">Linux Debian 9<\/a> <span style=\"color: #ff0000;\">testing<\/span> &#8211; Version 020161102<\/li>\n<\/ul>\n<\/li>\n<\/ul>\n<ul>\n<li style=\"list-style-type: none\">\n<ul>\n<li style=\"text-align: justify;\"><a title=\"Linux Ubuntu 16.04\" href=\"http:\/\/blog.nebule.org\/?page_id=2547\">Linux Ubuntu 16.04 LTS<\/a> &#8211; Version 020161102<\/li>\n<\/ul>\n<\/li>\n<\/ul>\n<ul>\n<li style=\"list-style-type: none\">\n<ul>\n<li style=\"text-align: justify;\"><a title=\"FreeBSD 10\" href=\"http:\/\/blog.nebule.org\/?page_id=2553\">FreeBSD 10<\/a> &#8211; Version ?<\/li>\n<li style=\"text-align: justify;\"><a title=\"OpenBSD 5.9\" href=\"http:\/\/blog.nebule.org\/?page_id=2555\">OpenBSD 5.9<\/a> &#8211; Version ?<\/li>\n<\/ul>\n<\/li>\n<\/ul>\n<p><img decoding=\"async\" loading=\"lazy\" class=\"alignnone wp-image-1313\" src=\"\/wp-content\/uploads\/nebule\/2012\/10\/li2.png\" alt=\"li\" width=\"16\" height=\"16\" \/>\u00c2\u00a0La librairie nebule en <em>bash<\/em>, bien que fonctionnelle, n&rsquo;est plus soutenue.<\/p>\n<p style=\"text-align: justify;\"><img decoding=\"async\" loading=\"lazy\" class=\"aligncenter wp-image-408\" src=\"\/wp-content\/uploads\/nebule\/2012\/10\/nebule_256_5454542.png\" alt=\"nebule_256_545454\" width=\"32\" height=\"32\" srcset=\"\/wp-content\/uploads\/nebule\/2012\/10\/nebule_256_5454542.png 256w, \/wp-content\/uploads\/nebule\/2012\/10\/nebule_256_5454542-150x150.png 150w\" sizes=\"(max-width: 32px) 100vw, 32px\" \/><\/p>\n","protected":false},"excerpt":{"rendered":"<p>L&rsquo;installation se concentre ici sur la mise en place sur un nouveau serveur du bootstrap. Apr\u00e8s la phase d&rsquo;initialisation du bootstrap, les autres applications pourront \u00eatre utilis\u00e9es. Une installation sur un serveur est appel\u00e9e instance de serveur et chaque instance de serveur doit avoir une entit\u00e9 propre. Les applications \u00e9tant aujourd&rsquo;hui int\u00e9gr\u00e9es avec le bootstrap, &hellip; <a href=\"http:\/\/blog.nebule.org\/?page_id=2535\" class=\"more-link\">Continuer la lecture de <span class=\"screen-reader-text\">Installation<\/span><\/a><\/p>\n","protected":false},"author":2,"featured_media":0,"parent":0,"menu_order":6,"comment_status":"open","ping_status":"open","template":"","meta":[],"_links":{"self":[{"href":"http:\/\/blog.nebule.org\/index.php?rest_route=\/wp\/v2\/pages\/2535"}],"collection":[{"href":"http:\/\/blog.nebule.org\/index.php?rest_route=\/wp\/v2\/pages"}],"about":[{"href":"http:\/\/blog.nebule.org\/index.php?rest_route=\/wp\/v2\/types\/page"}],"author":[{"embeddable":true,"href":"http:\/\/blog.nebule.org\/index.php?rest_route=\/wp\/v2\/users\/2"}],"replies":[{"embeddable":true,"href":"http:\/\/blog.nebule.org\/index.php?rest_route=%2Fwp%2Fv2%2Fcomments&post=2535"}],"version-history":[{"count":17,"href":"http:\/\/blog.nebule.org\/index.php?rest_route=\/wp\/v2\/pages\/2535\/revisions"}],"predecessor-version":[{"id":3295,"href":"http:\/\/blog.nebule.org\/index.php?rest_route=\/wp\/v2\/pages\/2535\/revisions\/3295"}],"wp:attachment":[{"href":"http:\/\/blog.nebule.org\/index.php?rest_route=%2Fwp%2Fv2%2Fmedia&parent=2535"}],"curies":[{"name":"wp","href":"https:\/\/api.w.org\/{rel}","templated":true}]}}