{"id":402,"date":"2012-10-06T12:01:50","date_gmt":"2012-10-06T10:01:50","guid":{"rendered":"http:\/\/blog.nebule.org\/?page_id=402"},"modified":"2012-10-06T12:01:50","modified_gmt":"2012-10-06T10:01:50","slug":"licence","status":"publish","type":"page","link":"http:\/\/blog.nebule.org\/?page_id=402","title":{"rendered":"Licence"},"content":{"rendered":"<h2 style=\"text-align: justify;\">Projet<\/h2>\n<p style=\"text-align: justify;\">Ce projet <em>nebule<\/em> est \u00e0 consid\u00e9rer comme une <span style=\"text-decoration: underline;\">\u00c5\u201cuvre intellectuelle<\/span>.<a href=\"http:\/\/creativecommons.org\/licenses\/by-nc-sa\/3.0\/fr\/\" rel=\"license\"><img decoding=\"async\" loading=\"lazy\" class=\"alignleft\" style=\"border-width: 0px;\" alt=\"Licence Creative Commons\" src=\"http:\/\/i.creativecommons.org\/l\/by-nc-sa\/2.0\/fr\/88x31.png\" width=\"88\" height=\"31\" \/><\/a><br \/>\nLes id\u00e9es du projet <em>nebule<\/em> sont plac\u00e9es sous licence <a title=\"(CC) BY-NC-SA\" href=\"http:\/\/creativecommons.org\/licenses\/by-nc-sa\/3.0\/fr\/\" target=\"_blank\">(CC) BY-NC-SA<\/a> pour sa phase exp\u00e9rimentale.<\/p>\n<p style=\"text-align: justify;\">Lorsque le projet <em>nebule<\/em> quittera sa phase exp\u00e9rimentale, il passera sous licence <a title=\"(CC) BY\" href=\"http:\/\/creativecommons.org\/licenses\/by\/2.0\/fr\/\" target=\"_blank\">(CC) BY<\/a>.<\/p>\n<pre style=\"text-align: center;\">::<\/pre>\n<h2 style=\"text-align: justify;\">Code<\/h2>\n<p style=\"text-align: justify;\">Tous les codes, scripts et programmes du projet <em>nebule<\/em> sont diffus\u00e9s sous licence <a title=\"GNU GPL\" href=\"http:\/\/www.gnu.org\/copyleft\/gpl.html\" target=\"_blank\">GNU GPL<\/a>.<a href=\"http:\/\/www.gnu.org\/\"><img decoding=\"async\" loading=\"lazy\" class=\"alignleft size-full wp-image-1314\" alt=\"gplv3\" src=\"\/wp-content\/uploads\/nebule\/2012\/10\/gplv32.png\" width=\"127\" height=\"51\" \/><\/a><br \/>\nLes scripts et codes concern\u00e9s sont en <a title=\"bash\" href=\"http:\/\/www.gnu.org\/software\/bash\/\" target=\"_blank\">bash<\/a> et <a title=\"php\" href=\"http:\/\/php.net\/\" target=\"_blank\">php<\/a>.<br \/>\n<a href=\"\/wp-content\/uploads\/nebule\/2012\/10\/li2.png\"><img decoding=\"async\" loading=\"lazy\" alt=\"li\" src=\"\/wp-content\/uploads\/nebule\/2012\/10\/li2.png\" width=\"20\" height=\"20\" \/><\/a>Toute utilisation sous une autre licence <span style=\"text-decoration: underline;\">doit<\/span> faire l&rsquo;objet d&rsquo;une autorisation pr\u00e9alable.<\/p>\n<p style=\"text-align: justify;\">Le projet <a title=\"sylabe\" href=\"http:\/\/blog.sylabe.org\/\" target=\"_blank\">sylabe<\/a>, bas\u00e9 sur <em>nebule<\/em>, est diffus\u00e9 sous licence <a title=\"GNU GPL\" href=\"http:\/\/www.gnu.org\/copyleft\/gpl.html\" target=\"_blank\">GNU GPL<\/a>.<\/p>\n<pre style=\"text-align: center;\">::<\/pre>\n<h2 style=\"text-align: justify;\">Logo et th\u00e8me<\/h2>\n<p style=\"text-align: justify;\">Sauf mention contraire, les contenus graphiques des sites web du projet <em>nebule<\/em> sont diffus\u00e9s sous licence <a title=\"(CC) BY-NC-SA\" href=\"http:\/\/creativecommons.org\/licenses\/by-nc-sa\/3.0\/fr\/\" target=\"_blank\">(CC) BY-NC-SA<\/a>.<a href=\"http:\/\/creativecommons.org\/licenses\/by-nc-sa\/3.0\/fr\/\" rel=\"license\"><img decoding=\"async\" loading=\"lazy\" class=\"alignleft\" style=\"border-width: 0px;\" alt=\"Licence Creative Commons\" src=\"http:\/\/i.creativecommons.org\/l\/by-nc-sa\/2.0\/fr\/88x31.png\" width=\"88\" height=\"31\" \/><\/a><\/p>\n<pre style=\"text-align: center;\">-<\/pre>\n<p style=\"text-align: justify;\">Le logo est l&rsquo;image de marque du projet <em>nebule<\/em>. En tant que tel, il ne peut \u00eatre utilis\u00e9 que dans un contexte directement associ\u00e9 au projet <em>nebule<\/em>.<a href=\"http:\/\/creativecommons.org\/licenses\/by-nd\/3.0\/fr\/\" rel=\"license\"><img decoding=\"async\" loading=\"lazy\" class=\"alignleft\" style=\"border-width: 0px;\" alt=\"Licence Creative Commons\" src=\"\/wp-content\/uploads\/nebule\/2012\/10\/CC_BY-ND2.png\" width=\"88\" height=\"31\" \/><\/a><br \/>\nIl dispose pour cela d&rsquo;une licence sp\u00e9cifique, la <a title=\"(CC) BY-ND\" href=\"http:\/\/creativecommons.org\/licenses\/by-nd\/3.0\/fr\/\" target=\"_blank\">(CC) BY-ND<\/a>.<br \/>\n<a href=\"\/wp-content\/uploads\/nebule\/2012\/10\/li2.png\"><img decoding=\"async\" loading=\"lazy\" class=\"alignnone  wp-image-1313\" alt=\"li\" src=\"\/wp-content\/uploads\/nebule\/2012\/10\/li2.png\" width=\"20\" height=\"20\" \/><\/a>Toute utilisation hors du contexte du projet <em>nebule<\/em> ou sous une forme d\u00e9tourn\u00e9e <span style=\"text-decoration: underline;\">doit<\/span> faire l&rsquo;objet d&rsquo;une autorisation pr\u00e9alable.<br \/>\nLe logo est t\u00e9l\u00e9chargeable ici :<\/p>\n<p style=\"text-align: center;\"><a href=\"\/wp-content\/uploads\/nebule\/2012\/10\/nebule_2048_5454542.png\"><img decoding=\"async\" loading=\"lazy\" class=\"alignnone size-medium wp-image-1312\" alt=\"nebule_2048_545454\" src=\"\/wp-content\/uploads\/nebule\/2012\/10\/nebule_2048_5454542-300x300.png\" width=\"300\" height=\"300\" \/><\/a><\/p>\n","protected":false},"excerpt":{"rendered":"<p>Projet Ce projet nebule est \u00e0 consid\u00e9rer comme une \u00c5\u201cuvre intellectuelle. Les id\u00e9es du projet nebule sont plac\u00e9es sous licence (CC) BY-NC-SA pour sa phase exp\u00e9rimentale. Lorsque le projet nebule quittera sa phase exp\u00e9rimentale, il passera sous licence (CC) BY. :: Code Tous les codes, scripts et programmes du projet nebule sont diffus\u00e9s sous licence &hellip; <a href=\"http:\/\/blog.nebule.org\/?page_id=402\" class=\"more-link\">Continuer la lecture de <span class=\"screen-reader-text\">Licence<\/span><\/a><\/p>\n","protected":false},"author":1,"featured_media":0,"parent":0,"menu_order":8,"comment_status":"open","ping_status":"open","template":"","meta":[],"_links":{"self":[{"href":"http:\/\/blog.nebule.org\/index.php?rest_route=\/wp\/v2\/pages\/402"}],"collection":[{"href":"http:\/\/blog.nebule.org\/index.php?rest_route=\/wp\/v2\/pages"}],"about":[{"href":"http:\/\/blog.nebule.org\/index.php?rest_route=\/wp\/v2\/types\/page"}],"author":[{"embeddable":true,"href":"http:\/\/blog.nebule.org\/index.php?rest_route=\/wp\/v2\/users\/1"}],"replies":[{"embeddable":true,"href":"http:\/\/blog.nebule.org\/index.php?rest_route=%2Fwp%2Fv2%2Fcomments&post=402"}],"version-history":[{"count":0,"href":"http:\/\/blog.nebule.org\/index.php?rest_route=\/wp\/v2\/pages\/402\/revisions"}],"wp:attachment":[{"href":"http:\/\/blog.nebule.org\/index.php?rest_route=%2Fwp%2Fv2%2Fmedia&parent=402"}],"curies":[{"name":"wp","href":"https:\/\/api.w.org\/{rel}","templated":true}]}}