{"id":1556,"date":"2014-04-26T12:32:27","date_gmt":"2014-04-26T10:32:27","guid":{"rendered":"http:\/\/blog.nebule.org\/?page_id=1556"},"modified":"2014-04-26T12:32:27","modified_gmt":"2014-04-26T10:32:27","slug":"cerberus","status":"publish","type":"page","link":"https:\/\/blog.nebule.org\/?page_id=1556","title":{"rendered":"cerberus"},"content":{"rendered":"<h1 style=\"text-align: justify;\">Entit\u00e9 <em>cerberus<\/em><\/h1>\n<p style=\"text-align: justify;\">Cette entit\u00e9 permet de bloquer des objets. Elle permet de ne pas mettre en avant <em>puppetmaster<\/em> pour bloquer ces objets. Typiquement, dans le cadre du projet <em>nebule<\/em>, les objets bloqu\u00e9s sont typiquement porteurs de codes malveillants.<\/p>\n<p style=\"text-align: justify;\">Son identifiant : <code><strong>01351dd781453092d99377d94990da9bf220c85c43737674a257b525f6566fb4<\/strong><\/code><\/p>\n<p style=\"text-align: justify;\">Son nom vient de Cerb\u00e8re (Cerberus ou K\u00e9rberos), le chien \u00e0 trois t\u00eates gardant l&rsquo;entr\u00e9e des Enfers.<\/p>\n<p style=\"text-align: justify;\">Son r\u00f4le est de g\u00e9rer la mise en quarantaine ou le bannissement d&rsquo;objets. Cela doit avoir rapport avec <em>nebule<\/em>. L&rsquo;entit\u00e9 n&rsquo;est pas l\u00e0 pour g\u00e9rer les petits probl\u00e8mes au quotidien mais les probl\u00e8mes de codes malveillants pour <em>nebule<\/em>.<\/p>\n<p style=\"text-align: justify;\">L&rsquo;entit\u00e9 est accessible aux adresses <a title=\"http:\/\/cerberus.nebule.org\/\" href=\"http:\/\/cerberus.nebule.org\/\" target=\"_blank\">http:\/\/cerberus.nebule.org\/<\/a> et <a title=\"http:\/\/cerberus6.nebule.org\/\" href=\"http:\/\/cerberus6.nebule.org\/\" target=\"_blank\">http:\/\/cerberus6.nebule.org\/<\/a>.<\/p>\n<p style=\"text-align: justify;\">L&rsquo;enfer n&rsquo;ayant pas encore officiellement ouvert, cette entit\u00e9 n&rsquo;est pas utilis\u00e9e.<\/p>\n","protected":false},"excerpt":{"rendered":"<p>Entit\u00e9 cerberus Cette entit\u00e9 permet de bloquer des objets. Elle permet de ne pas mettre en avant puppetmaster pour bloquer ces objets. Typiquement, dans le cadre du projet nebule, les objets bloqu\u00e9s sont typiquement porteurs de codes malveillants. Son identifiant : 01351dd781453092d99377d94990da9bf220c85c43737674a257b525f6566fb4 Son nom vient de Cerb\u00e8re (Cerberus ou K\u00e9rberos), le chien \u00e0 trois t\u00eates &hellip; <a href=\"https:\/\/blog.nebule.org\/?page_id=1556\" class=\"more-link\">Continuer la lecture de <span class=\"screen-reader-text\">cerberus<\/span><\/a><\/p>\n","protected":false},"author":1,"featured_media":0,"parent":1550,"menu_order":2,"comment_status":"open","ping_status":"open","template":"","meta":[],"_links":{"self":[{"href":"https:\/\/blog.nebule.org\/index.php?rest_route=\/wp\/v2\/pages\/1556"}],"collection":[{"href":"https:\/\/blog.nebule.org\/index.php?rest_route=\/wp\/v2\/pages"}],"about":[{"href":"https:\/\/blog.nebule.org\/index.php?rest_route=\/wp\/v2\/types\/page"}],"author":[{"embeddable":true,"href":"https:\/\/blog.nebule.org\/index.php?rest_route=\/wp\/v2\/users\/1"}],"replies":[{"embeddable":true,"href":"https:\/\/blog.nebule.org\/index.php?rest_route=%2Fwp%2Fv2%2Fcomments&post=1556"}],"version-history":[{"count":0,"href":"https:\/\/blog.nebule.org\/index.php?rest_route=\/wp\/v2\/pages\/1556\/revisions"}],"up":[{"embeddable":true,"href":"https:\/\/blog.nebule.org\/index.php?rest_route=\/wp\/v2\/pages\/1550"}],"wp:attachment":[{"href":"https:\/\/blog.nebule.org\/index.php?rest_route=%2Fwp%2Fv2%2Fmedia&parent=1556"}],"curies":[{"name":"wp","href":"https:\/\/api.w.org\/{rel}","templated":true}]}}