{"id":2047,"date":"2010-09-04T23:45:52","date_gmt":"2010-09-04T21:45:52","guid":{"rendered":"http:\/\/blog.nebule.org\/?page_id=4"},"modified":"2021-02-25T11:20:52","modified_gmt":"2021-02-25T09:20:52","slug":"introduction","status":"publish","type":"page","link":"https:\/\/blog.nebule.org\/?page_id=2047","title":{"rendered":"Introduction"},"content":{"rendered":"<p><em>Qu&rsquo;est ce qu&rsquo;une information sur Internet ?<br \/>\nQu&rsquo;est ce qu&rsquo;une information, <\/em><em>plus g\u00e9n\u00e9ralement <\/em><em>?<\/em><\/p>\n<p><em>Qu&rsquo;est ce qu&rsquo;un individu sur Internet ?<br \/>\nQu&rsquo;est ce qu&rsquo;un individu, <\/em><em>plus g\u00e9n\u00e9ralement <\/em><em>?<br \/>\nQuels sont les liens entre individu et vie priv\u00e9e, Individu et information ?<\/em><\/p>\n<p>La premi\u00e8re r\u00e9flexion part d&rsquo;une banale remarque lue en 2009 dans la pr\u00e9face d&rsquo;une revue informatique. Internet tel que nous le connaissons actuellement aussi complexe touffu et sophistiqu\u00e9 qu&rsquo;il puisse nous para\u00eetre n&rsquo;en n&rsquo;est qu&rsquo;au d\u00e9but de son histoire.<\/p>\n<p>Internet en tant que tel, c&rsquo;est avant tout une interconnexion des r\u00e9seaux locaux h\u00e9t\u00e9rog\u00e8nes. Avant \u00e7a c&rsquo;\u00e9tait la pr\u00e9histoire : chaque ordinateur \u00e9tait soit isol\u00e9 soit en r\u00e9seau avec quelques ordinateurs proches, en r\u00e9seau dit local. L&rsquo;Internet et ses protocoles de communications de base sont n\u00e9s pour relier entre eux ces diff\u00e9rents r\u00e9seaux locaux et les ordinateurs isol\u00e9s. Cette interconnexion des r\u00e9seaux est d\u00e8s le d\u00e9but voulue comme souple, ouverte et tol\u00e9rante aux pannes.<\/p>\n<p>La mise en place de la messagerie et des liens hypertextes on rapidement fait passer Internet \u00e0 l&rsquo;\u00e8re du moyen-\u00e2ge. Plus que de simplement \u00e9changer des informations, ces informations sont reli\u00e9es entre-elles par des liens. Celui qui suit ces liens peut traverser Internet de bout en bout sans s&rsquo;en rendre compte, c\u00f4toyer tour \u00e0 tour des informations respectables et fiables ou des bandits de grands chemins.<\/p>\n<p>Le peer-to-peer le fait basculer dans les temps modernes. Le partage brut d&rsquo;information peut \u00eatre fait non plus en utilisant des ressources (serveurs centraux) sur Internet, mais en les \u00e9changeant directement de proches en proches. L&rsquo;utilisateur n&rsquo;est plus un simple compte identifi\u00e9 sur un fournisseur de services, mais devient directement actif sur l&rsquo;Internet, court-circuitant ainsi toute forme de contr\u00f4le et de r\u00e9gulation. L&rsquo;industrie du disque, vieille \u00e9cole, en fait l&rsquo;am\u00e8re exp\u00e9rience.<\/p>\n<p>Les r\u00e9seaux sociaux sont le parall\u00e8le de l&rsquo;interconnexion des machines mais appliqu\u00e9 aux individus humains. Mais ceux-ci restent toujours \u00e0 la m\u00eame place, c&rsquo;est \u00e0 dire entre la chaise et le clavier. Et, simultan\u00e9ment, ils g\u00e9n\u00e8rent de nouvelles identit\u00e9s et de nouvelles personnalit\u00e9s sur des espaces virtuels. Ils s&rsquo;installent tranquillement sur un petit carr\u00e9 de plage d&rsquo;une \u00eele isol\u00e9e, comme 500 millions d&rsquo;autres personnes (Facebook par exemple). Petit carr\u00e9 de plage dont on leur a dit (si si, en tout petit en bas de l&rsquo;affiche) qu&rsquo;ils n&rsquo;en sont que locataires \u00e0 titre gracieux, et o\u00f9 ils peuvent entreposer tout un tas de chose mais ne peuvent changer la d\u00e9coration int\u00e9rieure que l\u00e0 ou on les y autorise&#8230;<\/p>\n<p>Et si l&rsquo;on poussait le concept encore plus loin ?<br \/>\nEt si l&rsquo;utilisateur devenait r\u00e9ellement ind\u00e9pendant sur Internet ?<br \/>\n<em>A quoi ressemble un individu sur Internet ?<\/em><\/p>\n<p>Et si on utilisait Internet comme une base de donn\u00e9es universelle, et non plus des \u00eelots de donn\u00e9es et d&rsquo;utilisateurs \u00e9parses ?<br \/>\n<em>A quoi ressemble une information sur Internet ?<\/em><\/p>\n<p style=\"text-align: center;\">Visitez :<br \/>\n<a title=\"Description\" href=\"http:\/\/blog.nebule.org\/?page_id=1132\">la description<\/a><br \/>\n<a title=\"http:\/\/blog.nebule.org\/\" href=\"http:\/\/blog.nebule.org\/\" target=\"_blank\" rel=\"noopener\">les actualit\u00e9s (blog)<\/a><br \/>\n<a title=\"Norme nebule v1.3\" href=\"http:\/\/blog.nebule.org\/?page_id=2658\" target=\"_blank\" rel=\"noopener\">la documentation<\/a><br \/>\n<a title=\"A propos\" href=\"http:\/\/blog.nebule.org\/?page_id=2046\">\u00e0 propos<\/a><br \/>\n::<\/p>\n<p style=\"text-align: center;\">(2010)<\/p>\n","protected":false},"excerpt":{"rendered":"<p>Qu&rsquo;est ce qu&rsquo;une information sur Internet ? Qu&rsquo;est ce qu&rsquo;une information, plus g\u00e9n\u00e9ralement ? Qu&rsquo;est ce qu&rsquo;un individu sur Internet ? Qu&rsquo;est ce qu&rsquo;un individu, plus g\u00e9n\u00e9ralement ? Quels sont les liens entre individu et vie priv\u00e9e, Individu et information ? La premi\u00e8re r\u00e9flexion part d&rsquo;une banale remarque lue en 2009 dans la pr\u00e9face d&rsquo;une &hellip; <a href=\"https:\/\/blog.nebule.org\/?page_id=2047\" class=\"more-link\">Continuer la lecture de <span class=\"screen-reader-text\">Introduction<\/span><\/a><\/p>\n","protected":false},"author":1,"featured_media":0,"parent":0,"menu_order":1,"comment_status":"open","ping_status":"open","template":"","meta":[],"_links":{"self":[{"href":"https:\/\/blog.nebule.org\/index.php?rest_route=\/wp\/v2\/pages\/2047"}],"collection":[{"href":"https:\/\/blog.nebule.org\/index.php?rest_route=\/wp\/v2\/pages"}],"about":[{"href":"https:\/\/blog.nebule.org\/index.php?rest_route=\/wp\/v2\/types\/page"}],"author":[{"embeddable":true,"href":"https:\/\/blog.nebule.org\/index.php?rest_route=\/wp\/v2\/users\/1"}],"replies":[{"embeddable":true,"href":"https:\/\/blog.nebule.org\/index.php?rest_route=%2Fwp%2Fv2%2Fcomments&post=2047"}],"version-history":[{"count":4,"href":"https:\/\/blog.nebule.org\/index.php?rest_route=\/wp\/v2\/pages\/2047\/revisions"}],"predecessor-version":[{"id":3290,"href":"https:\/\/blog.nebule.org\/index.php?rest_route=\/wp\/v2\/pages\/2047\/revisions\/3290"}],"wp:attachment":[{"href":"https:\/\/blog.nebule.org\/index.php?rest_route=%2Fwp%2Fv2%2Fmedia&parent=2047"}],"curies":[{"name":"wp","href":"https:\/\/api.w.org\/{rel}","templated":true}]}}