{"id":2467,"date":"2016-07-04T13:32:26","date_gmt":"2016-07-04T11:32:26","guid":{"rendered":"http:\/\/blog.nebule.org\/?page_id=2467"},"modified":"2016-07-23T23:27:14","modified_gmt":"2016-07-23T21:27:14","slug":"upload","status":"publish","type":"page","link":"https:\/\/blog.nebule.org\/?page_id=2467","title":{"rendered":"upload"},"content":{"rendered":"<h1>Application <em>upload<\/em><\/h1>\n<p style=\"text-align: justify;\">Cette application a pour seul but de permettre le chargement vers un serveur de liens sign\u00e9s <strong>exclusivement<\/strong> par l&rsquo;autorit\u00e9 du code. Les autres liens sont ignor\u00e9s. Les tests de s\u00e9curit\u00e9 sur le serveur ne sont pas fait et donc non bloquants puisque les liens resteront valides m\u00eame sur un serveur compromis.<\/p>\n<p style=\"text-align: center;\"><a href=\"\/wp-content\/uploads\/nebule\/2016\/07\/020160723-upload_-_2016-07-23_23.07.24.png\"><img decoding=\"async\" loading=\"lazy\" class=\"alignnone size-medium wp-image-2505\" src=\"\/wp-content\/uploads\/nebule\/2016\/07\/020160723-upload_-_2016-07-23_23.07.24-600x394.png\" alt=\"020160723 upload_-_2016-07-23_23.07.24\" width=\"600\" height=\"394\" srcset=\"\/wp-content\/uploads\/nebule\/2016\/07\/020160723-upload_-_2016-07-23_23.07.24-600x394.png 600w, \/wp-content\/uploads\/nebule\/2016\/07\/020160723-upload_-_2016-07-23_23.07.24.png 1020w\" sizes=\"(max-width: 600px) 100vw, 600px\" \/><\/a><br \/>\nLa page de <em>upload<\/em>.<\/p>\n","protected":false},"excerpt":{"rendered":"<p>Application upload Cette application a pour seul but de permettre le chargement vers un serveur de liens sign\u00e9s exclusivement par l&rsquo;autorit\u00e9 du code. Les autres liens sont ignor\u00e9s. Les tests de s\u00e9curit\u00e9 sur le serveur ne sont pas fait et donc non bloquants puisque les liens resteront valides m\u00eame sur un serveur compromis. La page &hellip; <a href=\"https:\/\/blog.nebule.org\/?page_id=2467\" class=\"more-link\">Continuer la lecture de <span class=\"screen-reader-text\">upload<\/span><\/a><\/p>\n","protected":false},"author":2,"featured_media":0,"parent":2460,"menu_order":4,"comment_status":"open","ping_status":"open","template":"","meta":[],"_links":{"self":[{"href":"https:\/\/blog.nebule.org\/index.php?rest_route=\/wp\/v2\/pages\/2467"}],"collection":[{"href":"https:\/\/blog.nebule.org\/index.php?rest_route=\/wp\/v2\/pages"}],"about":[{"href":"https:\/\/blog.nebule.org\/index.php?rest_route=\/wp\/v2\/types\/page"}],"author":[{"embeddable":true,"href":"https:\/\/blog.nebule.org\/index.php?rest_route=\/wp\/v2\/users\/2"}],"replies":[{"embeddable":true,"href":"https:\/\/blog.nebule.org\/index.php?rest_route=%2Fwp%2Fv2%2Fcomments&post=2467"}],"version-history":[{"count":3,"href":"https:\/\/blog.nebule.org\/index.php?rest_route=\/wp\/v2\/pages\/2467\/revisions"}],"predecessor-version":[{"id":2506,"href":"https:\/\/blog.nebule.org\/index.php?rest_route=\/wp\/v2\/pages\/2467\/revisions\/2506"}],"up":[{"embeddable":true,"href":"https:\/\/blog.nebule.org\/index.php?rest_route=\/wp\/v2\/pages\/2460"}],"wp:attachment":[{"href":"https:\/\/blog.nebule.org\/index.php?rest_route=%2Fwp%2Fv2%2Fmedia&parent=2467"}],"curies":[{"name":"wp","href":"https:\/\/api.w.org\/{rel}","templated":true}]}}