{"id":2469,"date":"2016-07-04T13:33:01","date_gmt":"2016-07-04T11:33:01","guid":{"rendered":"http:\/\/blog.nebule.org\/?page_id=2469"},"modified":"2016-09-04T10:16:17","modified_gmt":"2016-09-04T08:16:17","slug":"defolt","status":"publish","type":"page","link":"https:\/\/blog.nebule.org\/?page_id=2469","title":{"rendered":"defolt"},"content":{"rendered":"<h1>Application <em>defolt<\/em><\/h1>\n<p style=\"text-align: justify;\">Cette application fait le service minimum, afficher une page simple, par d\u00e9faut, pour les instances de serveurs sur lesquels on ne souhaite pas activer d&rsquo;application interactive.<\/p>\n<p style=\"text-align: justify;\">Un exemple se trouve \u00e0 l&rsquo;adresse de l&rsquo;application par d\u00e9faut de l&rsquo;instance serveur de <a title=\"cerberus\" href=\"http:\/\/cerberus.nebule.org\/\" target=\"_blank\">cerberus<\/a>.<\/p>\n<p><a href=\"\/wp-content\/uploads\/nebule\/2016\/07\/020160723-defolt_-_2016-07-23_23.07.47.png\"><img decoding=\"async\" loading=\"lazy\" class=\"alignnone size-medium wp-image-2508 aligncenter\" src=\"\/wp-content\/uploads\/nebule\/2016\/07\/020160723-defolt_-_2016-07-23_23.07.47-600x387.png\" alt=\"020160723 defolt_-_2016-07-23_23.07.47\" width=\"600\" height=\"387\" srcset=\"\/wp-content\/uploads\/nebule\/2016\/07\/020160723-defolt_-_2016-07-23_23.07.47-600x387.png 600w, \/wp-content\/uploads\/nebule\/2016\/07\/020160723-defolt_-_2016-07-23_23.07.47-1024x661.png 1024w, \/wp-content\/uploads\/nebule\/2016\/07\/020160723-defolt_-_2016-07-23_23.07.47.png 1036w\" sizes=\"(max-width: 600px) 100vw, 600px\" \/><\/a><\/p>\n<p style=\"text-align: justify;\">En cas d&rsquo;extr\u00eame n\u00e9cessit\u00e9, il est m\u00eame possible de remplacer le <a title=\"bootstrap\" href=\"http:\/\/blog.nebule.org\/?page_id=2462\">bootstrap<\/a> par une copie statique de la page de cette application. C&rsquo;est le cas pour l&rsquo;instance du serveur du <a title=\"puppetmaster\" href=\"http:\/\/puppetmaster.nebule.org\/\" target=\"_blank\">puppetmaster<\/a>.<\/p>\n","protected":false},"excerpt":{"rendered":"<p>Application defolt Cette application fait le service minimum, afficher une page simple, par d\u00e9faut, pour les instances de serveurs sur lesquels on ne souhaite pas activer d&rsquo;application interactive. Un exemple se trouve \u00e0 l&rsquo;adresse de l&rsquo;application par d\u00e9faut de l&rsquo;instance serveur de cerberus. En cas d&rsquo;extr\u00eame n\u00e9cessit\u00e9, il est m\u00eame possible de remplacer le bootstrap &hellip; <a href=\"https:\/\/blog.nebule.org\/?page_id=2469\" class=\"more-link\">Continuer la lecture de <span class=\"screen-reader-text\">defolt<\/span><\/a><\/p>\n","protected":false},"author":2,"featured_media":0,"parent":2460,"menu_order":5,"comment_status":"open","ping_status":"open","template":"","meta":[],"_links":{"self":[{"href":"https:\/\/blog.nebule.org\/index.php?rest_route=\/wp\/v2\/pages\/2469"}],"collection":[{"href":"https:\/\/blog.nebule.org\/index.php?rest_route=\/wp\/v2\/pages"}],"about":[{"href":"https:\/\/blog.nebule.org\/index.php?rest_route=\/wp\/v2\/types\/page"}],"author":[{"embeddable":true,"href":"https:\/\/blog.nebule.org\/index.php?rest_route=\/wp\/v2\/users\/2"}],"replies":[{"embeddable":true,"href":"https:\/\/blog.nebule.org\/index.php?rest_route=%2Fwp%2Fv2%2Fcomments&post=2469"}],"version-history":[{"count":6,"href":"https:\/\/blog.nebule.org\/index.php?rest_route=\/wp\/v2\/pages\/2469\/revisions"}],"predecessor-version":[{"id":2586,"href":"https:\/\/blog.nebule.org\/index.php?rest_route=\/wp\/v2\/pages\/2469\/revisions\/2586"}],"up":[{"embeddable":true,"href":"https:\/\/blog.nebule.org\/index.php?rest_route=\/wp\/v2\/pages\/2460"}],"wp:attachment":[{"href":"https:\/\/blog.nebule.org\/index.php?rest_route=%2Fwp%2Fv2%2Fmedia&parent=2469"}],"curies":[{"name":"wp","href":"https:\/\/api.w.org\/{rel}","templated":true}]}}