{"id":2553,"date":"2016-09-01T19:08:40","date_gmt":"2016-09-01T17:08:40","guid":{"rendered":"http:\/\/blog.nebule.org\/?page_id=2553"},"modified":"2016-09-04T21:05:40","modified_gmt":"2016-09-04T19:05:40","slug":"freebsd-10","status":"publish","type":"page","link":"https:\/\/blog.nebule.org\/?page_id=2553","title":{"rendered":"FreeBSD 10"},"content":{"rendered":"<h1>Installation FreeBSD 10<\/h1>\n<p>Date : ..\/..\/2016<br \/>\nOS : FreeBSD 10<br \/>\nServeur web : Apache ?<br \/>\nLangage : PHP ?<br \/>\nVersion : ?<br \/>\nStatus : \u00e0 faire&#8230;<\/p>\n<h2>Introduction<\/h2>\n<p style=\"text-align: justify;\">L&rsquo;installation du syst\u00e8me d&rsquo;exploitation se fait classiquement sans particularit\u00e9. Le r\u00e9seau <span style=\"text-decoration: underline;\">doit<\/span> \u00eatre fonctionnel, les derni\u00e8res mises \u00e0 jours <span style=\"text-decoration: underline;\">doivent<\/span> \u00eatre appliqu\u00e9es.<\/p>\n<p style=\"text-align: justify;\">Le serveur ne <span style=\"text-decoration: underline;\">doit pas<\/span> d\u00e9j\u00e0 contenir d&rsquo;autre site web, sinon il faut adapter la configuration.<\/p>\n<p style=\"text-align: justify;\">Sur un serveur qui va recevoir beaucoup d&rsquo;objets, on <span style=\"text-decoration: underline;\">peut<\/span> s\u00e9parer <code>\/var\/www<\/code> sur une partition ou un disque d\u00e9di\u00e9 et cons\u00e9quent.<\/p>\n<h2 style=\"text-align: justify;\">Installation version condens\u00e9e<\/h2>\n<p>&#8230;<\/p>\n<h2 style=\"text-align: justify;\">Installation version pas \u00e0 pas<\/h2>\n<h3 style=\"text-align: justify;\"><code>[a]<\/code> Service web<\/h3>\n<p style=\"text-align: justify;\">&#8230;<\/p>\n<p style=\"text-align: justify;\">&#8230;<\/p>\n<p style=\"text-align: justify;\">&#8230;<\/p>\n<p>Installer openssl.<\/p>\n<p>Installer Apache24, configurer le site principal.<\/p>\n<p>Installer php55, configurer Apache24 pour g\u00e9rer le php. Modifier le site principal pour int\u00e9grer les modifications de variables php, comme sous Linux.<\/p>\n<p>Installer php55-extensions, cocher au minimum FILEINFO, MBSTRING, MCRYPT, OPENSSL, OPCACHE, SESSION et XML.<\/p>\n<p>Mettre en place le bootstrap et l&rsquo;environnement comme sous Linux.<\/p>\n","protected":false},"excerpt":{"rendered":"<p>Installation FreeBSD 10 Date : ..\/..\/2016 OS : FreeBSD 10 Serveur web : Apache ? Langage : PHP ? Version : ? Status : \u00e0 faire&#8230; Introduction L&rsquo;installation du syst\u00e8me d&rsquo;exploitation se fait classiquement sans particularit\u00e9. Le r\u00e9seau doit \u00eatre fonctionnel, les derni\u00e8res mises \u00e0 jours doivent \u00eatre appliqu\u00e9es. Le serveur ne doit pas d\u00e9j\u00e0 &hellip; <a href=\"https:\/\/blog.nebule.org\/?page_id=2553\" class=\"more-link\">Continuer la lecture de <span class=\"screen-reader-text\">FreeBSD 10<\/span><\/a><\/p>\n","protected":false},"author":2,"featured_media":0,"parent":2535,"menu_order":3,"comment_status":"open","ping_status":"open","template":"","meta":[],"_links":{"self":[{"href":"https:\/\/blog.nebule.org\/index.php?rest_route=\/wp\/v2\/pages\/2553"}],"collection":[{"href":"https:\/\/blog.nebule.org\/index.php?rest_route=\/wp\/v2\/pages"}],"about":[{"href":"https:\/\/blog.nebule.org\/index.php?rest_route=\/wp\/v2\/types\/page"}],"author":[{"embeddable":true,"href":"https:\/\/blog.nebule.org\/index.php?rest_route=\/wp\/v2\/users\/2"}],"replies":[{"embeddable":true,"href":"https:\/\/blog.nebule.org\/index.php?rest_route=%2Fwp%2Fv2%2Fcomments&post=2553"}],"version-history":[{"count":7,"href":"https:\/\/blog.nebule.org\/index.php?rest_route=\/wp\/v2\/pages\/2553\/revisions"}],"predecessor-version":[{"id":2624,"href":"https:\/\/blog.nebule.org\/index.php?rest_route=\/wp\/v2\/pages\/2553\/revisions\/2624"}],"up":[{"embeddable":true,"href":"https:\/\/blog.nebule.org\/index.php?rest_route=\/wp\/v2\/pages\/2535"}],"wp:attachment":[{"href":"https:\/\/blog.nebule.org\/index.php?rest_route=%2Fwp%2Fv2%2Fmedia&parent=2553"}],"curies":[{"name":"wp","href":"https:\/\/api.w.org\/{rel}","templated":true}]}}