{"id":2555,"date":"2016-09-01T19:09:41","date_gmt":"2016-09-01T17:09:41","guid":{"rendered":"http:\/\/blog.nebule.org\/?page_id=2555"},"modified":"2016-09-01T19:32:09","modified_gmt":"2016-09-01T17:32:09","slug":"openbsd-5-9","status":"publish","type":"page","link":"https:\/\/blog.nebule.org\/?page_id=2555","title":{"rendered":"OpenBSD 5.9"},"content":{"rendered":"<h1>Installation OpenBSD 5.9<\/h1>\n<p>Date : ..\/..\/2016<br \/>\nOS : OpenBSD 5.9<br \/>\nServeur web : Apache ?<br \/>\nLangage : PHP ?<br \/>\nVersion : ?<br \/>\nStatus : \u00e0 faire&#8230;<\/p>\n<h2>Introduction<\/h2>\n<p style=\"text-align: justify;\">L&rsquo;installation du syst\u00e8me d&rsquo;exploitation se fait classiquement sans particularit\u00e9. Le r\u00e9seau <span style=\"text-decoration: underline;\">doit<\/span> \u00eatre fonctionnel, les derni\u00e8res mises \u00e0 jours <span style=\"text-decoration: underline;\">doivent<\/span> \u00eatre appliqu\u00e9es.<\/p>\n<p style=\"text-align: justify;\">Le serveur ne <span style=\"text-decoration: underline;\">doit pas<\/span> d\u00e9j\u00e0 contenir d&rsquo;autre site web, sinon il faut adapter la configuration.<\/p>\n<p style=\"text-align: justify;\">Sur un serveur qui va recevoir beaucoup d&rsquo;objets, on <span style=\"text-decoration: underline;\">peut<\/span> s\u00e9parer <code>\/var\/www<\/code> sur une partition ou un disque d\u00e9di\u00e9 et cons\u00e9quent.<\/p>\n<h2 style=\"text-align: justify;\">Installation version condens\u00e9e<\/h2>\n<p>&#8230;<\/p>\n<h2 style=\"text-align: justify;\">Installation version pas \u00e0 pas<\/h2>\n<h3 style=\"text-align: justify;\"><code>[a]<\/code> Service web<\/h3>\n<p style=\"text-align: justify;\">&#8230;<\/p>\n","protected":false},"excerpt":{"rendered":"<p>Installation OpenBSD 5.9 Date : ..\/..\/2016 OS : OpenBSD 5.9 Serveur web : Apache ? Langage : PHP ? Version : ? Status : \u00e0 faire&#8230; Introduction L&rsquo;installation du syst\u00e8me d&rsquo;exploitation se fait classiquement sans particularit\u00e9. Le r\u00e9seau doit \u00eatre fonctionnel, les derni\u00e8res mises \u00e0 jours doivent \u00eatre appliqu\u00e9es. Le serveur ne doit pas d\u00e9j\u00e0 &hellip; <a href=\"https:\/\/blog.nebule.org\/?page_id=2555\" class=\"more-link\">Continuer la lecture de <span class=\"screen-reader-text\">OpenBSD 5.9<\/span><\/a><\/p>\n","protected":false},"author":2,"featured_media":0,"parent":2535,"menu_order":4,"comment_status":"open","ping_status":"open","template":"","meta":[],"_links":{"self":[{"href":"https:\/\/blog.nebule.org\/index.php?rest_route=\/wp\/v2\/pages\/2555"}],"collection":[{"href":"https:\/\/blog.nebule.org\/index.php?rest_route=\/wp\/v2\/pages"}],"about":[{"href":"https:\/\/blog.nebule.org\/index.php?rest_route=\/wp\/v2\/types\/page"}],"author":[{"embeddable":true,"href":"https:\/\/blog.nebule.org\/index.php?rest_route=\/wp\/v2\/users\/2"}],"replies":[{"embeddable":true,"href":"https:\/\/blog.nebule.org\/index.php?rest_route=%2Fwp%2Fv2%2Fcomments&post=2555"}],"version-history":[{"count":5,"href":"https:\/\/blog.nebule.org\/index.php?rest_route=\/wp\/v2\/pages\/2555\/revisions"}],"predecessor-version":[{"id":2580,"href":"https:\/\/blog.nebule.org\/index.php?rest_route=\/wp\/v2\/pages\/2555\/revisions\/2580"}],"up":[{"embeddable":true,"href":"https:\/\/blog.nebule.org\/index.php?rest_route=\/wp\/v2\/pages\/2535"}],"wp:attachment":[{"href":"https:\/\/blog.nebule.org\/index.php?rest_route=%2Fwp%2Fv2%2Fmedia&parent=2555"}],"curies":[{"name":"wp","href":"https:\/\/api.w.org\/{rel}","templated":true}]}}