{"id":2666,"date":"2016-10-01T22:53:42","date_gmt":"2016-10-01T20:53:42","guid":{"rendered":"http:\/\/blog.nebule.org\/?page_id=2666"},"modified":"2021-02-25T11:34:48","modified_gmt":"2021-02-25T09:34:48","slug":"iconographie","status":"publish","type":"page","link":"https:\/\/blog.nebule.org\/?page_id=2666","title":{"rendered":"Iconographie"},"content":{"rendered":"<p>Les ic\u00f4nes de la partie affichage (<em>display<\/em>) de la librairie sont pr\u00e9sent\u00e9es ici.<\/p>\n<p>Licence (cc) BY-NC-SA<\/p>\n<h2>Liens<\/h2>\n<p style=\"text-align: center;\">&#8230;<\/p>\n<h2>\u00c9motions<\/h2>\n<p style=\"text-align: center;\"><a href=\"\/wp-content\/uploads\/nebule\/2016\/10\/1joie0.png\"><img decoding=\"async\" loading=\"lazy\" class=\"alignnone wp-image-2667\" src=\"\/wp-content\/uploads\/nebule\/2016\/10\/1joie0-150x150.png\" alt=\"1joie0\" width=\"128\" height=\"128\" srcset=\"\/wp-content\/uploads\/nebule\/2016\/10\/1joie0-150x150.png 150w, \/wp-content\/uploads\/nebule\/2016\/10\/1joie0.png 256w\" sizes=\"(max-width: 128px) 100vw, 128px\" \/><\/a> <a href=\"\/wp-content\/uploads\/nebule\/2016\/10\/1joie1.png\"><img decoding=\"async\" loading=\"lazy\" class=\"alignnone wp-image-2668\" src=\"\/wp-content\/uploads\/nebule\/2016\/10\/1joie1.png\" alt=\"1joie1\" width=\"128\" height=\"128\" srcset=\"\/wp-content\/uploads\/nebule\/2016\/10\/1joie1.png 256w, \/wp-content\/uploads\/nebule\/2016\/10\/1joie1-150x150.png 150w\" sizes=\"(max-width: 128px) 100vw, 128px\" \/><\/a><br \/>\n<em> J&rsquo;aime<\/em><\/p>\n<p style=\"text-align: center;\"><a href=\"\/wp-content\/uploads\/nebule\/2016\/10\/2confiance0.png\"><img decoding=\"async\" loading=\"lazy\" class=\"alignnone wp-image-2669\" src=\"\/wp-content\/uploads\/nebule\/2016\/10\/2confiance0.png\" alt=\"2confiance0\" width=\"128\" height=\"128\" srcset=\"\/wp-content\/uploads\/nebule\/2016\/10\/2confiance0.png 256w, \/wp-content\/uploads\/nebule\/2016\/10\/2confiance0-150x150.png 150w\" sizes=\"(max-width: 128px) 100vw, 128px\" \/><\/a> <a href=\"\/wp-content\/uploads\/nebule\/2016\/10\/2confiance1.png\"><img decoding=\"async\" loading=\"lazy\" class=\"alignnone wp-image-2670\" src=\"\/wp-content\/uploads\/nebule\/2016\/10\/2confiance1.png\" alt=\"2confiance1\" width=\"128\" height=\"128\" srcset=\"\/wp-content\/uploads\/nebule\/2016\/10\/2confiance1.png 256w, \/wp-content\/uploads\/nebule\/2016\/10\/2confiance1-150x150.png 150w\" sizes=\"(max-width: 128px) 100vw, 128px\" \/><\/a><br \/>\n<em> J&rsquo;approuve<\/em><\/p>\n<p style=\"text-align: center;\"><a href=\"\/wp-content\/uploads\/nebule\/2016\/10\/3peur0.png\"><img decoding=\"async\" loading=\"lazy\" class=\"alignnone wp-image-2671\" src=\"\/wp-content\/uploads\/nebule\/2016\/10\/3peur0.png\" alt=\"3peur0\" width=\"128\" height=\"128\" srcset=\"\/wp-content\/uploads\/nebule\/2016\/10\/3peur0.png 256w, \/wp-content\/uploads\/nebule\/2016\/10\/3peur0-150x150.png 150w\" sizes=\"(max-width: 128px) 100vw, 128px\" \/><\/a> <a href=\"\/wp-content\/uploads\/nebule\/2016\/10\/3peur1.png\"><img decoding=\"async\" loading=\"lazy\" class=\"alignnone wp-image-2672\" src=\"\/wp-content\/uploads\/nebule\/2016\/10\/3peur1.png\" alt=\"3peur1\" width=\"128\" height=\"128\" srcset=\"\/wp-content\/uploads\/nebule\/2016\/10\/3peur1.png 256w, \/wp-content\/uploads\/nebule\/2016\/10\/3peur1-150x150.png 150w\" sizes=\"(max-width: 128px) 100vw, 128px\" \/><\/a><br \/>\n<em> Inqui\u00e9tant<\/em><\/p>\n<p style=\"text-align: center;\"><a href=\"\/wp-content\/uploads\/nebule\/2016\/10\/4surprise0.png\"><img decoding=\"async\" loading=\"lazy\" class=\"alignnone wp-image-2673\" src=\"\/wp-content\/uploads\/nebule\/2016\/10\/4surprise0.png\" alt=\"4surprise0\" width=\"128\" height=\"128\" srcset=\"\/wp-content\/uploads\/nebule\/2016\/10\/4surprise0.png 256w, \/wp-content\/uploads\/nebule\/2016\/10\/4surprise0-150x150.png 150w\" sizes=\"(max-width: 128px) 100vw, 128px\" \/><\/a> <a href=\"\/wp-content\/uploads\/nebule\/2016\/10\/4surprise1.png\"><img decoding=\"async\" loading=\"lazy\" class=\"alignnone wp-image-2674\" src=\"\/wp-content\/uploads\/nebule\/2016\/10\/4surprise1.png\" alt=\"4surprise1\" width=\"128\" height=\"128\" srcset=\"\/wp-content\/uploads\/nebule\/2016\/10\/4surprise1.png 256w, \/wp-content\/uploads\/nebule\/2016\/10\/4surprise1-150x150.png 150w\" sizes=\"(max-width: 128px) 100vw, 128px\" \/><\/a><br \/>\n<em> \u00c9tonnant<\/em><\/p>\n<p style=\"text-align: center;\"><a href=\"\/wp-content\/uploads\/nebule\/2016\/10\/5triste0.png\"><img decoding=\"async\" loading=\"lazy\" class=\"alignnone wp-image-2675\" src=\"\/wp-content\/uploads\/nebule\/2016\/10\/5triste0.png\" alt=\"5triste0\" width=\"128\" height=\"128\" srcset=\"\/wp-content\/uploads\/nebule\/2016\/10\/5triste0.png 256w, \/wp-content\/uploads\/nebule\/2016\/10\/5triste0-150x150.png 150w\" sizes=\"(max-width: 128px) 100vw, 128px\" \/><\/a> <a href=\"\/wp-content\/uploads\/nebule\/2016\/10\/5triste1.png\"><img decoding=\"async\" loading=\"lazy\" class=\"alignnone wp-image-2676\" src=\"\/wp-content\/uploads\/nebule\/2016\/10\/5triste1.png\" alt=\"5triste1\" width=\"128\" height=\"128\" srcset=\"\/wp-content\/uploads\/nebule\/2016\/10\/5triste1.png 256w, \/wp-content\/uploads\/nebule\/2016\/10\/5triste1-150x150.png 150w\" sizes=\"(max-width: 128px) 100vw, 128px\" \/><\/a><br \/>\n<em>Tristement<\/em><\/p>\n<p style=\"text-align: center;\"><a href=\"\/wp-content\/uploads\/nebule\/2016\/10\/6degout0.png\"><img decoding=\"async\" loading=\"lazy\" class=\"alignnone wp-image-2677\" src=\"\/wp-content\/uploads\/nebule\/2016\/10\/6degout0.png\" alt=\"6degout0\" width=\"128\" height=\"128\" srcset=\"\/wp-content\/uploads\/nebule\/2016\/10\/6degout0.png 256w, \/wp-content\/uploads\/nebule\/2016\/10\/6degout0-150x150.png 150w\" sizes=\"(max-width: 128px) 100vw, 128px\" \/><\/a> <a href=\"\/wp-content\/uploads\/nebule\/2016\/10\/6degout1.png\"><img decoding=\"async\" loading=\"lazy\" class=\"alignnone wp-image-2678\" src=\"\/wp-content\/uploads\/nebule\/2016\/10\/6degout1.png\" alt=\"6degout1\" width=\"128\" height=\"128\" srcset=\"\/wp-content\/uploads\/nebule\/2016\/10\/6degout1.png 256w, \/wp-content\/uploads\/nebule\/2016\/10\/6degout1-150x150.png 150w\" sizes=\"(max-width: 128px) 100vw, 128px\" \/><\/a><br \/>\n<em>D\u00e9go\u00fct\u00e9<\/em><\/p>\n<p style=\"text-align: center;\"><a href=\"\/wp-content\/uploads\/nebule\/2016\/10\/7colere0.png\"><img decoding=\"async\" loading=\"lazy\" class=\"alignnone wp-image-2679\" src=\"\/wp-content\/uploads\/nebule\/2016\/10\/7colere0.png\" alt=\"7colere0\" width=\"128\" height=\"128\" srcset=\"\/wp-content\/uploads\/nebule\/2016\/10\/7colere0.png 256w, \/wp-content\/uploads\/nebule\/2016\/10\/7colere0-150x150.png 150w\" sizes=\"(max-width: 128px) 100vw, 128px\" \/><\/a> <a href=\"\/wp-content\/uploads\/nebule\/2016\/10\/7colere1.png\"><img decoding=\"async\" loading=\"lazy\" class=\"alignnone wp-image-2680\" src=\"\/wp-content\/uploads\/nebule\/2016\/10\/7colere1.png\" alt=\"7colere1\" width=\"128\" height=\"128\" srcset=\"\/wp-content\/uploads\/nebule\/2016\/10\/7colere1.png 256w, \/wp-content\/uploads\/nebule\/2016\/10\/7colere1-150x150.png 150w\" sizes=\"(max-width: 128px) 100vw, 128px\" \/><\/a><br \/>\n<em>Contrariant<\/em><\/p>\n<p style=\"text-align: center;\"><a href=\"\/wp-content\/uploads\/nebule\/2016\/10\/8interet0.png\"><img decoding=\"async\" loading=\"lazy\" class=\"alignnone wp-image-2681\" src=\"\/wp-content\/uploads\/nebule\/2016\/10\/8interet0.png\" alt=\"8interet0\" width=\"128\" height=\"128\" srcset=\"\/wp-content\/uploads\/nebule\/2016\/10\/8interet0.png 256w, \/wp-content\/uploads\/nebule\/2016\/10\/8interet0-150x150.png 150w\" sizes=\"(max-width: 128px) 100vw, 128px\" \/><\/a> <a href=\"\/wp-content\/uploads\/nebule\/2016\/10\/8interet1.png\"><img decoding=\"async\" loading=\"lazy\" class=\"alignnone wp-image-2682\" src=\"\/wp-content\/uploads\/nebule\/2016\/10\/8interet1.png\" alt=\"8interet1\" width=\"128\" height=\"128\" srcset=\"\/wp-content\/uploads\/nebule\/2016\/10\/8interet1.png 256w, \/wp-content\/uploads\/nebule\/2016\/10\/8interet1-150x150.png 150w\" sizes=\"(max-width: 128px) 100vw, 128px\" \/><\/a><br \/>\n<em>Int\u00e9ress\u00e9<\/em><\/p>\n","protected":false},"excerpt":{"rendered":"<p>Les ic\u00f4nes de la partie affichage (display) de la librairie sont pr\u00e9sent\u00e9es ici. Licence (cc) BY-NC-SA Liens &#8230; \u00c9motions J&rsquo;aime J&rsquo;approuve Inqui\u00e9tant \u00c9tonnant Tristement D\u00e9go\u00fct\u00e9 Contrariant Int\u00e9ress\u00e9<\/p>\n","protected":false},"author":2,"featured_media":0,"parent":0,"menu_order":7,"comment_status":"open","ping_status":"open","template":"","meta":[],"_links":{"self":[{"href":"https:\/\/blog.nebule.org\/index.php?rest_route=\/wp\/v2\/pages\/2666"}],"collection":[{"href":"https:\/\/blog.nebule.org\/index.php?rest_route=\/wp\/v2\/pages"}],"about":[{"href":"https:\/\/blog.nebule.org\/index.php?rest_route=\/wp\/v2\/types\/page"}],"author":[{"embeddable":true,"href":"https:\/\/blog.nebule.org\/index.php?rest_route=\/wp\/v2\/users\/2"}],"replies":[{"embeddable":true,"href":"https:\/\/blog.nebule.org\/index.php?rest_route=%2Fwp%2Fv2%2Fcomments&post=2666"}],"version-history":[{"count":3,"href":"https:\/\/blog.nebule.org\/index.php?rest_route=\/wp\/v2\/pages\/2666\/revisions"}],"predecessor-version":[{"id":3299,"href":"https:\/\/blog.nebule.org\/index.php?rest_route=\/wp\/v2\/pages\/2666\/revisions\/3299"}],"wp:attachment":[{"href":"https:\/\/blog.nebule.org\/index.php?rest_route=%2Fwp%2Fv2%2Fmedia&parent=2666"}],"curies":[{"name":"wp","href":"https:\/\/api.w.org\/{rel}","templated":true}]}}